{"id":350,"date":"2024-07-25T22:35:32","date_gmt":"2024-07-25T20:35:32","guid":{"rendered":"https:\/\/galmallorca.org\/politica-de-cookies\/"},"modified":"2024-09-03T08:40:27","modified_gmt":"2024-09-03T06:40:27","slug":"politica-de-cookies","status":"publish","type":"page","link":"https:\/\/galmallorca.org\/ca\/politica-de-cookies\/","title":{"rendered":"Pol\u00edtica de cookies"},"content":{"rendered":"\n<p>Llavors la perspiciatis d&#8217;un omnis \u00e9s un error sit voluptatem accusantium dolorem que laudantium, tot rem aperiem, ja que ipsa quae ab illo inventore veritatis et quasi arxitecte beatae vitae dicta sunt explicabo. Nemo enim ipsam voluptatem quia voluptes sit aspernatur altre odit altre fugit, sed quia consequuntur magni dolors els qui rati voluptatem sequi nesciunt. Hi ha porro quisquam est, qui dolorem ipsum quia dolor sit amet, consectetur, adipisci velit, sed quia non numquam eis moda tempora incidunt ut labore et dolore magnam aliquam quaerat voluptatem.<\/p>\n\n<h2 class=\"wp-block-heading\">Aix\u00f2 \u00e9s un subt\u00edtol<\/h2>\n\n<p>Sigueu la perspiciatis d&#8217;un omnis aquest natus error site voluptatem accusantium dolorem que laudantium, tot rem aperiem, ja que ipsa quae ab illo inventore veritatis et quasi arxitecte beatae vitae dicta sunt explicabo.<\/p>\n\n<h2 class=\"wp-block-heading\">Aix\u00f2 \u00e9s un subt\u00edtol<\/h2>\n\n<p>Nemo enim ipsam voluptatem quia voluptes sit aspernatur altre odit altre fugit, sed quia consequuntur magni dolors els qui rati voluptatem sequi nesciunt.<\/p>\n\n<h2 class=\"wp-block-heading\">Aix\u00f2 \u00e9s un subt\u00edtol<\/h2>\n\n<p>Hi ha porro quisquam est, qui dolorem ipsum quia dolor sit amet, consectetur, adipisci velit, sed quia non numquam eis moda tempora incidunt ut labore et dolore magnam aliquam quaerat voluptatem.<\/p>\n\n<p>Sigueu la perspiciatis d&#8217;un omnis aquest natus error site voluptatem accusantium dolorem que laudantium, tot rem aperiem, ja que ipsa quae ab illo inventore veritatis et quasi arxitecte beatae vitae dicta sunt explicabo. Nemo enim ipsam voluptatem quia voluptes sit aspernatur altre odit altre fugit, sed quia consequuntur magni dolors els qui rati voluptatem sequi nesciunt.<\/p>\n\n<p>Hi ha porro quisquam est, qui dolorem ipsum quia dolor sit amet, consectetur, adipisci velit, sed quia non numquam eis moda tempora incidunt ut labore et dolore magnam aliquam quaerat voluptatem.<\/p>\n\n<p>Sigueu la perspiciatis d&#8217;un omnis aquest natus error site voluptatem accusantium dolorem que laudantium, tot rem aperiem, ja que ipsa quae ab illo inventore veritatis et quasi arxitecte beatae vitae dicta sunt explicabo. Nemo enim ipsam voluptatem quia voluptes sit aspernatur altre odit altre fugit, sed quia consequuntur magni dolors els qui rati voluptatem sequi nesciunt. Hi ha porro quisquam est, qui dolorem ipsum quia dolor sit amet, consectetur, adipisci velit, sed quia non numquam eis moda tempora incidunt ut labore et dolore magnam aliquam quaerat voluptatem.<\/p>\n\n<p>Sigueu la perspiciatis d&#8217;un omnis aquest natus error site voluptatem accusantium dolorem que laudantium, tot rem aperiem, ja que ipsa quae ab illo inventore veritatis et quasi arxitecte beatae vitae dicta sunt explicabo. Nemo enim ipsam voluptatem quia voluptes sit aspernatur altre odit altre fugit, set quia consequuntur magni dolors els qui rati.<\/p>\n\n<p>Voluptatem sequi nesciunt. Hi ha porro quisquam est, qui dolorem ipsum quia dolor sit amet, consectetur, adipisci velit, sed quia non numquam eis moda tempora incidunt ut labore et dolore magnam aliquam quaerat voluptatem.<\/p>\n","protected":false},"excerpt":{"rendered":"<p>Llavors la perspiciatis d&#8217;un omnis \u00e9s un error sit voluptatem accusantium dolorem que laudantium, tot rem aperiem, ja que ipsa quae ab illo inventore veritatis et<span class=\"excerpt-hellip\"> [\u2026]<\/span><\/p>\n","protected":false},"author":1,"featured_media":0,"parent":0,"menu_order":0,"comment_status":"closed","ping_status":"closed","template":"","meta":{"footnotes":""},"class_list":["post-350","page","type-page","status-publish","hentry"],"_links":{"self":[{"href":"https:\/\/galmallorca.org\/ca\/wp-json\/wp\/v2\/pages\/350","targetHints":{"allow":["GET"]}}],"collection":[{"href":"https:\/\/galmallorca.org\/ca\/wp-json\/wp\/v2\/pages"}],"about":[{"href":"https:\/\/galmallorca.org\/ca\/wp-json\/wp\/v2\/types\/page"}],"author":[{"embeddable":true,"href":"https:\/\/galmallorca.org\/ca\/wp-json\/wp\/v2\/users\/1"}],"replies":[{"embeddable":true,"href":"https:\/\/galmallorca.org\/ca\/wp-json\/wp\/v2\/comments?post=350"}],"version-history":[{"count":2,"href":"https:\/\/galmallorca.org\/ca\/wp-json\/wp\/v2\/pages\/350\/revisions"}],"predecessor-version":[{"id":355,"href":"https:\/\/galmallorca.org\/ca\/wp-json\/wp\/v2\/pages\/350\/revisions\/355"}],"wp:attachment":[{"href":"https:\/\/galmallorca.org\/ca\/wp-json\/wp\/v2\/media?parent=350"}],"curies":[{"name":"wp","href":"https:\/\/api.w.org\/{rel}","templated":true}]}}