{"id":277,"date":"2024-07-25T22:27:06","date_gmt":"2024-07-25T20:27:06","guid":{"rendered":"https:\/\/galmallorca.org\/avis-legal\/"},"modified":"2024-10-28T10:11:03","modified_gmt":"2024-10-28T09:11:03","slug":"avis-legal","status":"publish","type":"page","link":"https:\/\/galmallorca.org\/ca\/avis-legal\/","title":{"rendered":"Av\u00eds legal"},"content":{"rendered":"\n<h2 class=\"wp-block-heading\">1. Identificaci\u00f3 del titular<\/h2>\n\n\n\n<p>En compliment amb el que es disposa en la Llei 34\/2002, d&#8217;11 de juliol, de serveis de la societat de la informaci\u00f3 i de comer\u00e7 electr\u00f2nic (LSSI-CE), informem que el lloc web <a href=\"https:\/\/galmallorca.org\">https:\/\/galmallorca.org<\/a> (d&#8217;ara endavant, el &#8220;lloc web&#8221;) \u00e9s gestionat i titularitat de:<\/p>\n\n\n\n<ul class=\"wp-block-list\">\n<li>GALP Mallorca (Grup d&#8217;Acci\u00f3 Local Pesquer)<\/li>\n\n\n\n<li>CIF: G44708055<\/li>\n\n\n\n<li>Adre\u00e7a: carrer Guillem Bujosa Rossell\u00f2, n\u00fam. 1, Portal A, Planta 2, Porta A, 07320 Santa Maria del Cam\u00ed<\/li>\n\n\n\n<li>Correu electr\u00f2nic: info@galmallorca.org<\/li>\n<\/ul>\n\n\n\n<h2 class=\"wp-block-heading\">2. Condici\u00f3 d&#8217;\u00fas<\/h2>\n\n\n\n<p>L&#8217;acc\u00e9s i \u00fas d&#8217;aquest lloc web atribueix al visitant la condici\u00f3 d&#8217;usuari, la qual cosa implica l&#8217;acceptaci\u00f3 plena i sense reserves de totes les disposicions incloses en aquest Av\u00eds Legal, aix\u00ed com en les altres pol\u00edtiques del lloc web (Pol\u00edtica de Privacitat i Pol\u00edtica de Cookies). Si no est\u00e0 d&#8217;acord amb qualsevol d&#8217;aquestes condicions, ha d&#8217;abstenir-se d&#8217;utilitzar aquest lloc web.<\/p>\n\n\n\n<p>L&#8217;usuari es compromet a fer un \u00fas adequat dels continguts i serveis oferts en el lloc web i a no emprar-los per a:<\/p>\n\n\n\n<ul class=\"wp-block-list\">\n<li>Realitzar activitats il\u00b7l\u00edcites, il\u00b7legals o contr\u00e0ries a la bona fe i a l&#8217;ordre p\u00fablic.<\/li>\n\n\n\n<li>Difondre continguts o propaganda de car\u00e0cter racista, xen\u00f2fob, pornogr\u00e0fic-il\u00b7legal, d&#8217;apologia del terrorisme o atemptatori contra els drets humans.<\/li>\n\n\n\n<li>Provocar danys en els sistemes f\u00edsics i l\u00f2gics del titular del lloc web, dels seus prove\u00efdors o de tercers.<\/li>\n\n\n\n<li>Introduir o difondre en la xarxa virus inform\u00e0tics o qualsevol altre sistema f\u00edsic o l\u00f2gic que sigui susceptible de causar els danys anteriorment esmentats.<\/li>\n<\/ul>\n\n\n\n<p>El titular del lloc web es reserva el dret de retirar tots aquells comentaris i aportacions que vulnerin el respecte a la dignitat de la persona, que siguin discriminatoris, xen\u00f2fobs, racistes, pornogr\u00e0fics, que atemptin contra la joventut o la inf\u00e0ncia, l&#8217;ordre o la seguretat p\u00fablica o que, al seu judici, no resultin adequats per a la seva publicaci\u00f3.<\/p>\n\n\n\n<h2 class=\"wp-block-heading\">3. Propietat Intel\u00b7lectual i industrial<\/h2>\n\n\n\n<p>El lloc web, el seu disseny, estructura, codi font, aix\u00ed com els textos, imatges, logotips, gr\u00e0fics, marques i altres elements que apareixen en aquest, s\u00f3n propietat de GALP Mallorca, a excepci\u00f3 dels drets sobre productes i serveis de car\u00e0cter p\u00fablic que no s\u00f3n propietat de l&#8217;Associaci\u00f3, o si \u00e9s el cas, es disposa dels drets necessaris per al seu \u00fas, i estan protegits pels drets de propietat intel\u00b7lectual i industrial vigents.<br>Queda prohibida la reproducci\u00f3, distribuci\u00f3, comunicaci\u00f3 p\u00fablica, transformaci\u00f3 o qualsevol altra activitat que es pugui realitzar amb els continguts del lloc web, ni tan sols citant les fonts, excepte consentiment expr\u00e9s i per escrit de GALP Mallorca.<\/p>\n\n\n\n<h2 class=\"wp-block-heading\">4. Responsabilitat<\/h2>\n\n\n\n<p>GALP Mallorca no es responsabilitza dels danys o perjudicis de qualsevol naturalesa que poguessin derivar-se de la incorrecta utilitzaci\u00f3 dels continguts del lloc web. Aix\u00ed mateix, GALP Mallorca no es fa responsable de la informaci\u00f3 continguda en els llocs web de tercers als quals es pugui accedir a trav\u00e9s d&#8217;enlla\u00e7os des d&#8217;aquest lloc web. <\/p>\n\n\n\n<p>GALP Mallorca es reserva el dret d&#8217;actualitzar, modificar o eliminar la informaci\u00f3 continguda en el seu lloc web, aix\u00ed com la seva configuraci\u00f3 o presentaci\u00f3, en qualsevol moment, sense previ av\u00eds, i sense assumir cap responsabilitat per aix\u00f2.<\/p>\n\n\n\n<h2 class=\"wp-block-heading\">5. Enlla\u00e7os a tercers<\/h2>\n\n\n\n<p>El lloc web pot incloure enlla\u00e7os o enlla\u00e7os a llocs de tercers, sobre els quals GALP Mallorca no exerceix cap control. Per tant, no assumeix cap responsabilitat pel contingut d&#8217;aquests llocs web ni garanteix la seva disponibilitat t\u00e8cnica, qualitat, fiabilitat, exactitud o veracitat. Aquests enlla\u00e7os es proporcionen \u00fanicament per a facilitar l&#8217;acc\u00e9s a altres fonts d&#8217;informaci\u00f3.<\/p>\n\n\n\n<h2 class=\"wp-block-heading\">6. Protecci\u00f3 de dades personals<\/h2>\n\n\n\n<p>Les dades personals que es recaptin a trav\u00e9s del lloc web seran tractats conforme a la Pol\u00edtica de Privacitat del lloc, disponible en la corresponent secci\u00f3. L&#8217;usuari haur\u00e0 de llegir aquesta pol\u00edtica abans de facilitar qualsevol dada personal.<\/p>\n\n\n\n<h2 class=\"wp-block-heading\">7. Llei aplicable i jurisdicci\u00f3<\/h2>\n\n\n\n<p>Aquestes condicions, aix\u00ed com possibles casos de conflicte en interpretaci\u00f3 dels termes que formen part d&#8217;aquest av\u00eds legal, es regeixen per la legislaci\u00f3 espanyola.<\/p>\n\n\n\n<p>Per a m\u00e9s informaci\u00f3 podeu contactar amb nosaltres a trav\u00e9s del n\u00famero de tel\u00e8fon 871 745312 o b\u00e9 a trav\u00e9s de la seg\u00fcent adre\u00e7a de correu electr\u00f2nic: info@galmallorca.org.<\/p>\n\n\n\n<p><\/p>\n","protected":false},"excerpt":{"rendered":"<p>1. Identificaci\u00f3 del titular En compliment amb el que es disposa en la Llei 34\/2002, d&#8217;11 de juliol, de serveis de la societat de la informaci\u00f3<span class=\"excerpt-hellip\"> [\u2026]<\/span><\/p>\n","protected":false},"author":1,"featured_media":0,"parent":0,"menu_order":0,"comment_status":"closed","ping_status":"closed","template":"","meta":{"footnotes":""},"class_list":["post-277","page","type-page","status-publish","hentry"],"_links":{"self":[{"href":"https:\/\/galmallorca.org\/ca\/wp-json\/wp\/v2\/pages\/277","targetHints":{"allow":["GET"]}}],"collection":[{"href":"https:\/\/galmallorca.org\/ca\/wp-json\/wp\/v2\/pages"}],"about":[{"href":"https:\/\/galmallorca.org\/ca\/wp-json\/wp\/v2\/types\/page"}],"author":[{"embeddable":true,"href":"https:\/\/galmallorca.org\/ca\/wp-json\/wp\/v2\/users\/1"}],"replies":[{"embeddable":true,"href":"https:\/\/galmallorca.org\/ca\/wp-json\/wp\/v2\/comments?post=277"}],"version-history":[{"count":4,"href":"https:\/\/galmallorca.org\/ca\/wp-json\/wp\/v2\/pages\/277\/revisions"}],"predecessor-version":[{"id":789,"href":"https:\/\/galmallorca.org\/ca\/wp-json\/wp\/v2\/pages\/277\/revisions\/789"}],"wp:attachment":[{"href":"https:\/\/galmallorca.org\/ca\/wp-json\/wp\/v2\/media?parent=277"}],"curies":[{"name":"wp","href":"https:\/\/api.w.org\/{rel}","templated":true}]}}